{"id":5946,"date":"2020-10-06T14:37:58","date_gmt":"2020-10-06T13:37:58","guid":{"rendered":"https:\/\/www.rebreatherzone.com\/?page_id=5946"},"modified":"2020-10-07T07:14:11","modified_gmt":"2020-10-07T06:14:11","slug":"formation-recreatif-du-ccr","status":"publish","type":"page","link":"https:\/\/www.rebreatherzone.com\/fr\/formation-recreatif-du-ccr\/","title":{"rendered":"Formation R\u00e9cr\u00e9atif du CCR"},"content":{"rendered":"<p><img loading=\"lazy\" decoding=\"async\" class=\"alignnone wp-image-243 size-full\" src=\"https:\/\/www.rebreatherzone.com\/wp-content\/uploads\/2017\/01\/MltaCCR2011_0880-1-e1484682448381.jpg\" alt=\"Recreational rebreather training\" width=\"1200\" height=\"567\" srcset=\"https:\/\/www.rebreatherzone.com\/wp-content\/uploads\/2017\/01\/MltaCCR2011_0880-1-e1484682448381.jpg 1200w, https:\/\/www.rebreatherzone.com\/wp-content\/uploads\/2017\/01\/MltaCCR2011_0880-1-e1484682448381-300x142.jpg 300w, https:\/\/www.rebreatherzone.com\/wp-content\/uploads\/2017\/01\/MltaCCR2011_0880-1-e1484682448381-768x363.jpg 768w, https:\/\/www.rebreatherzone.com\/wp-content\/uploads\/2017\/01\/MltaCCR2011_0880-1-e1484682448381-1024x484.jpg 1024w\" sizes=\"auto, (max-width: 1200px) 100vw, 1200px\" \/><\/p>\n<h2>Formation de recycleur r\u00e9cr\u00e9atif<\/h2>\n<p>Les recycleurs n'\u00e9taient autrefois que pour la plong\u00e9e technique, mais plus maintenant.\u00a0Les nouveaux recycleurs de type R (r\u00e9cr\u00e9atifs) sont l\u00e9gers, faciles \u00e0 transporter et dot\u00e9s d'une \u00e9lectronique sophistiqu\u00e9e pour simplifier leur utilisation.\u00a0Pourquoi plonger avec un recycleur?\u00a0<span class=\"goog-text-highlight\">Avec un recycleur r\u00e9cr\u00e9atif, vous n'obtenez plus aucune limite d'arr\u00eat, une consommation de gaz r\u00e9duite car vous r\u00e9utilisez la plupart de votre gaz expir\u00e9 et des rencontres in\u00e9gal\u00e9es avec la faune car vous ne lib\u00e9rez pas de bulles ennuyeuses.\u00a0<\/span>Le cours PADI Rebreather Diver vous initie \u00e0 la plong\u00e9e avec recycleur \u00e0 une profondeur maximale de 18 m\u00e8tres et vous permet de vivre des choses que vous n'auriez jamais imagin\u00e9es possibles en tant que plongeur.<\/p>\n<p>Le cours de recyclage r\u00e9cr\u00e9atif est un cours d'introduction \u00e0 la plong\u00e9e avec recycleur.\u00a0Toutes les plong\u00e9es sont effectu\u00e9es dans les limites de la plong\u00e9e r\u00e9cr\u00e9ative.\u00a0<span class=\"\">Cliquez sur l'un des titres de cours ci-dessous pour un bref aper\u00e7u du cours.\u00a0<\/span>Les prix indiqu\u00e9s n'incluent pas les kits \u00e9tudiants (50,00 \u20ac ou la carte de certification 50,00 \u20ac).\u00a0Pour plus d'informations sur l'un des cours \u00e9num\u00e9r\u00e9s ci-dessous, veuillez\u00a0<a href=\"https:\/\/www.rebreatherzone.com\/contact\/\">nous contacter<\/a>\u00a0.<\/p>\n<div class=\"space\" style=\"height:10px;\"><\/div>\n<div class=\"hr\"><\/div><!-- .hr (end) -->\n<div class=\"space\" style=\"height:10px;\"><\/div>\n<h2><img loading=\"lazy\" decoding=\"async\" class=\"alignright wp-image-3327\" src=\"https:\/\/www.rebreatherzone.com\/wp-content\/uploads\/2018\/02\/TDI-Logo.png\" alt=\"Recreational rebreather training\" width=\"150\" height=\"76\" srcset=\"https:\/\/www.rebreatherzone.com\/wp-content\/uploads\/2018\/02\/TDI-Logo.png 294w, https:\/\/www.rebreatherzone.com\/wp-content\/uploads\/2018\/02\/TDI-Logo-100x50.png 100w\" sizes=\"auto, (max-width: 150px) 100vw, 150px\" \/><\/h2>\n<h2>Cours de Recycleur disponibles aupr\u00e8s de TDI<\/h2>\n<a href=\"fr\/scuba-training\/ccr-recreational-training\/rebreather-experience\/\" title=\"Exp\u00e9rience de Recycleur*\" class=\"btn btn-courselink btn-default \" target=\"_self\">Exp\u00e9rience de Recycleur*<span class=\"cost\">&euro; 120,00<\/span><i class=\"fa fa-plus-circle\"><\/i>&nbsp;<\/a><!-- .btn -->\n<a href=\"fr\/scuba-training\/ccr-recreational-training\/tdi-ccr-air-diluent-diver\/\" title=\"TDI CCR Plongeur Air Diluent*\" class=\"btn btn-courselink btn-default \" target=\"_self\">TDI CCR Plongeur Air Diluent*<span class=\"cost\">&euro; 1.000,00<\/span><i class=\"fa fa-plus-circle\"><\/i>&nbsp;<\/a><!-- .btn -->\n<p>&nbsp;<\/p>\n<p><img loading=\"lazy\" decoding=\"async\" class=\"size-full wp-image-155 alignright\" src=\"https:\/\/www.rebreatherzone.com\/wp-content\/uploads\/2017\/01\/Logo-IANTD-Horizontal-White.png\" alt=\"Recreational rebreather training\" width=\"250\" height=\"71\" \/><\/p>\n<h2>Cours de Recycleur disponibles aupr\u00e8s de IANTD<\/h2>\n<div class=\"clear\"><\/div><!-- .clear (end) -->\n<a href=\"fr\/scuba-training\/ccr-recreational-training\/rebreather-experience\/\" title=\"Exp\u00e9rience de Recycleur*\" class=\"btn btn-courselink btn-default \" target=\"_self\">Exp\u00e9rience de Recycleur*<span class=\"cost\">&euro; 120,00<\/span><i class=\"fa fa-plus-circle\"><\/i>&nbsp;<\/a><!-- .btn -->\n<a href=\"fr\/scuba-training\/ccr-recreational-training\/iantd-recreational-ccr-diver\/\" title=\"IANTD Plongeur CCR R\u00e9cr\u00e9atif*\" class=\"btn btn-courselink btn-default \" target=\"_self\">IANTD Plongeur CCR R\u00e9cr\u00e9atif*<span class=\"cost\">&euro; 650,00<\/span><i class=\"fa fa-plus-circle\"><\/i>&nbsp;<\/a><!-- .btn -->\n<a href=\"fr\/scuba-training\/ccr-recreational-training\/iantd-ccr-deep-diver\/\" title=\"IANTD CCR Plong\u00e9e profonde*\" class=\"btn btn-courselink btn-default \" target=\"_self\">IANTD CCR Plong\u00e9e profonde*<span class=\"cost\">&euro; 600,00<\/span><i class=\"fa fa-plus-circle\"><\/i>&nbsp;<\/a><!-- .btn -->\n<a href=\"fr\/scuba-training\/ccr-recreational-training\/iantd-rebreather-cross-over\/\" title=\"IANTD Recycleur Cross-Over*\" class=\"btn btn-courselink btn-default \" target=\"_self\">IANTD Recycleur Cross-Over*<span class=\"cost\">&euro; 550,00<\/span><i class=\"fa fa-plus-circle\"><\/i>&nbsp;<\/a><!-- .btn -->\n<p><img loading=\"lazy\" decoding=\"async\" class=\"wp-image-158 size-medium alignright\" src=\"https:\/\/www.rebreatherzone.com\/wp-content\/uploads\/2017\/01\/TecRecLogoRSilver_PADI_09-300x113.png\" width=\"300\" height=\"113\" srcset=\"https:\/\/www.rebreatherzone.com\/wp-content\/uploads\/2017\/01\/TecRecLogoRSilver_PADI_09-300x113.png 300w, https:\/\/www.rebreatherzone.com\/wp-content\/uploads\/2017\/01\/TecRecLogoRSilver_PADI_09-768x290.png 768w, https:\/\/www.rebreatherzone.com\/wp-content\/uploads\/2017\/01\/TecRecLogoRSilver_PADI_09-1024x387.png 1024w, https:\/\/www.rebreatherzone.com\/wp-content\/uploads\/2017\/01\/TecRecLogoRSilver_PADI_09.png 1423w\" sizes=\"auto, (max-width: 300px) 100vw, 300px\" \/><\/p>\n<div class=\"space\" style=\"height:15px;\"><\/div>\n<h2>Cours de Recycleur disponibles aupr\u00e8s de PADI<\/h2>\n<div class=\"clear\"><\/div><!-- .clear (end) -->\n<a href=\"fr\/scuba-training\/ccr-recreational-training\/padi-discover-rebreather\/\" title=\"PADI Recycleur D\u00e9couverte*\" class=\"btn btn-courselink btn-default \" target=\"_self\">PADI Recycleur D\u00e9couverte*<span class=\"cost\">&euro; 120,00<\/span><i class=\"fa fa-plus-circle\"><\/i>&nbsp;<\/a><!-- .btn -->\n<a href=\"fr\/scuba-training\/ccr-recreational-training\/padi-rebreather-diver\/\" title=\"PADI Recycleur Plongeur*\" class=\"btn btn-courselink btn-default \" target=\"_self\">PADI Recycleur Plongeur*<span class=\"cost\">&euro; 650,00<\/span><i class=\"fa fa-plus-circle\"><\/i>&nbsp;<\/a><!-- .btn -->\n<a href=\"fr\/scuba-training\/ccr-recreational-training\/padi-advanced-rebreather-diver\/\" title=\"PADI Recycleur Plongeur avanc\u00e9*\" class=\"btn btn-courselink btn-default \" target=\"_self\">PADI Recycleur Plongeur avanc\u00e9*<span class=\"cost\">&euro; 600,00<\/span><i class=\"fa fa-plus-circle\"><\/i>&nbsp;<\/a><!-- .btn -->\n<a href=\"fr\/scuba-training\/ccr-recreational-training\/padi-rebreather-qualifier\/\" title=\"PADI Recycleur Qualicatif*\" class=\"btn btn-courselink btn-default \" target=\"_self\">PADI Recycleur Qualicatif*<span class=\"cost\">&euro; 650,00<\/span><i class=\"fa fa-plus-circle\"><\/i>&nbsp;<\/a><!-- .btn -->\n<p>*Prix varient selon le type de Recycleur<\/p>\n","protected":false},"excerpt":{"rendered":"<p>Formation de recycleur r\u00e9cr\u00e9atif Les recycleurs n'\u00e9taient autrefois que pour la plong\u00e9e technique, mais plus maintenant.\u00a0Les nouveaux recycleurs de type R (r\u00e9cr\u00e9atifs) sont l\u00e9gers, faciles \u00e0 transporter et dot\u00e9s d'une \u00e9lectronique sophistiqu\u00e9e pour simplifier leur utilisation.\u00a0Pourquoi plonger avec un recycleur?\u00a0Avec un recycleur r\u00e9cr\u00e9atif, vous n'obtenez plus aucune limite d'arr\u00eat, une consommation de gaz r\u00e9duite car vous r\u00e9utilisez la plupart de&nbsp;<a href=\"https:\/\/www.rebreatherzone.com\/fr\/formation-recreatif-du-ccr\/\" class=\"read-more\">Lire la suite<\/a><\/p>\n","protected":false},"author":3,"featured_media":0,"parent":0,"menu_order":0,"comment_status":"closed","ping_status":"closed","template":"","meta":{"footnotes":""},"class_list":["post-5946","page","type-page","status-publish","hentry"],"_links":{"self":[{"href":"https:\/\/www.rebreatherzone.com\/fr\/wp-json\/wp\/v2\/pages\/5946","targetHints":{"allow":["GET"]}}],"collection":[{"href":"https:\/\/www.rebreatherzone.com\/fr\/wp-json\/wp\/v2\/pages"}],"about":[{"href":"https:\/\/www.rebreatherzone.com\/fr\/wp-json\/wp\/v2\/types\/page"}],"author":[{"embeddable":true,"href":"https:\/\/www.rebreatherzone.com\/fr\/wp-json\/wp\/v2\/users\/3"}],"replies":[{"embeddable":true,"href":"https:\/\/www.rebreatherzone.com\/fr\/wp-json\/wp\/v2\/comments?post=5946"}],"version-history":[{"count":3,"href":"https:\/\/www.rebreatherzone.com\/fr\/wp-json\/wp\/v2\/pages\/5946\/revisions"}],"predecessor-version":[{"id":5951,"href":"https:\/\/www.rebreatherzone.com\/fr\/wp-json\/wp\/v2\/pages\/5946\/revisions\/5951"}],"wp:attachment":[{"href":"https:\/\/www.rebreatherzone.com\/fr\/wp-json\/wp\/v2\/media?parent=5946"}],"curies":[{"name":"wp","href":"https:\/\/api.w.org\/{rel}","templated":true}]}}