{"id":5920,"date":"2020-10-05T19:28:46","date_gmt":"2020-10-05T18:28:46","guid":{"rendered":"https:\/\/www.rebreatherzone.com\/?page_id=5920"},"modified":"2020-10-05T19:28:46","modified_gmt":"2020-10-05T18:28:46","slug":"le-recycleur-ap-evolution-inspiration-formation","status":"publish","type":"page","link":"https:\/\/www.rebreatherzone.com\/fr\/le-recycleur-ap-evolution-inspiration-formation\/","title":{"rendered":"Le recycleur AP Evolution \/ Inspiration Formation"},"content":{"rendered":"<h2>Le recycleur AP Evolution \/ Inspiration<\/h2>\n<p><img loading=\"lazy\" decoding=\"async\" class=\"alignright wp-image-869\" src=\"https:\/\/www.rebreatherzone.com\/wp-content\/uploads\/2017\/02\/APVision2020.png\" alt=\"AP Evolution Inspiration Rebreather Training\" width=\"440\" height=\"522\" \/><\/p>\n<p>L'un des premiers recycleurs disponibles dans le commerce sur le march\u00e9, AP Diving continue de fabriquer le recycleur AP Inspiration depuis 1997. Avec de multiples fonctionnalit\u00e9s brevet\u00e9es, les recycleurs AP sont des recycleurs magnifiquement con\u00e7us avec tous les composants fabriqu\u00e9s en interne et leur propre \u00e9lectronique \u00abVision 2020\u00bb.<\/p>\n<p>Chaque recycleur AP est construit sur mesure selon vos sp\u00e9cifications, donc pour plus de d\u00e9tails sur l'unit\u00e9 qui vous convient.<\/p>\n<p>Visitez leur site Web \u00e0 http:\/\/www.apdiving.com<\/p>\n<h3>Mes pens\u00e9es sur le recycleur AP<\/h3>\n<p>J'ai achet\u00e9 l'inspiration AP car elle peut \u00eatre configur\u00e9e comme je le souhaite. L'AP ccr peut facilement \u00eatre transform\u00e9 des contre-poumons avant sur les \u00e9paules en contre-poumons arri\u00e8re. Il peut \u00e9galement \u00eatre utilis\u00e9 avec ou sans leur embout buccal BOV. L'AP a quelque chose pour tout le monde. Gr\u00e2ce au nouvel \u00e9cran couleur \u00abVision 2020\u00bb, il est \u00e9galement tr\u00e8s facile \u00e0 lire<\/p>\n<h3><span class=\"goog-text-highlight\">Formation Recycleur AP Evolution Inspiration - Cours propos\u00e9s:<\/span><\/h3>\n<p><span class=\"\">La formation Recycleur AP Evolution Inspiration est disponible dans un certain nombre de cours.<\/span><\/p>\n<div class=\"row \">\n<div class=\"col-sm-7 \"><h3><span class=\"goog-text-highlight\">AP Evolution Inspiration Formation Recycleur - Formation r\u00e9cr\u00e9ative CCR<\/span><\/h3>\n<a href=\"fr\/scuba-training\/ccr-recreational-training\/rebreather-experience\/\" title=\"Experience de Recycleur\" class=\"btn btn-courselink btn-default \" target=\"_self\">Experience de Recycleur<span class=\"cost\">&euro; 120,00<\/span><i class=\"fa fa-plus-circle\"><\/i>&nbsp;<\/a><!-- .btn -->\n<a href=\"fr\/scuba-training\/ccr-recreational-training\/iantd-recreational-ccr-diver\/\" title=\"Plongeur r\u00e9cr\u00e9atif IANTD CCR\" class=\"btn btn-courselink btn-default \" target=\"_self\">Plongeur r\u00e9cr\u00e9atif IANTD CCR<span class=\"cost\">&euro; 650,00<\/span><i class=\"fa fa-plus-circle\"><\/i>&nbsp;<\/a><!-- .btn -->\n<a href=\"fr\/scuba-training\/ccr-recreational-training\/iantd-ccr-deep-diver\/\" title=\"IANTD CCR Plong\u00e9e profonde\" class=\"btn btn-courselink btn-default \" target=\"_self\">IANTD CCR Plong\u00e9e profonde<span class=\"cost\">&euro; 600,00<\/span><i class=\"fa fa-plus-circle\"><\/i>&nbsp;<\/a><!-- .btn -->\n<a href=\"fr\/scuba-training\/ccr-recreational-training\/iantd-rebreather-cross-over\/\" title=\"Cours crois\u00e9 recycleur IANTD\" class=\"btn btn-courselink btn-default \" target=\"_self\">Cours crois\u00e9 recycleur IANTD<span class=\"cost\">&euro; 550,00<\/span><i class=\"fa fa-plus-circle\"><\/i>&nbsp;<\/a><!-- .btn -->\n<a href=\"fr\/scuba-training\/ccr-recreational-training\/padi-discover-rebreather\/\" title=\"PADI Recycleur\" class=\"btn btn-courselink btn-default \" target=\"_self\">PADI Recycleur<span class=\"cost\">&euro; 120,00<\/span><i class=\"fa fa-plus-circle\"><\/i>&nbsp;<\/a><!-- .btn -->\n<a href=\"fr\/scuba-training\/ccr-recreational-training\/padi-rebreather-diver\/\" title=\"Plongeur recycleur PADI \" class=\"btn btn-courselink btn-default \" target=\"_self\">Plongeur recycleur PADI <span class=\"cost\">&euro; 650,00<\/span><i class=\"fa fa-plus-circle\"><\/i>&nbsp;<\/a><!-- .btn -->\n<a href=\"fr\/scuba-training\/ccr-recreational-training\/padi-advanced-rebreather-diver\/\" title=\"PADI Recycleur plongeur avanc\u00e9\" class=\"btn btn-courselink btn-default \" target=\"_self\">PADI Recycleur plongeur avanc\u00e9<span class=\"cost\">&euro; 600,00<\/span><i class=\"fa fa-plus-circle\"><\/i>&nbsp;<\/a><!-- .btn -->\n<a href=\"fr\/scuba-training\/ccr-recreational-training\/padi-rebreather-qualifier\/\" title=\"PADI Qualifications Recycleur\" class=\"btn btn-courselink btn-default \" target=\"_self\">PADI Qualifications Recycleur<span class=\"cost\">&euro; 650,00<\/span><i class=\"fa fa-plus-circle\"><\/i>&nbsp;<\/a><!-- .btn -->\n<h3><span class=\"\">Formation recycleur AP Evolution Inspiration - Formation technique CCR<\/span><\/h3>\n<a href=\"fr\/scuba-training\/ccr-technical-training\/rebreather-experience\/\" title=\"Exp\u00e9rience de recycleur\" class=\"btn btn-courselink btn-default \" target=\"_self\">Exp\u00e9rience de recycleur<span class=\"cost\">&euro; 120,00<\/span><i class=\"fa fa-plus-circle\"><\/i>&nbsp;<\/a><!-- .btn -->\n<a href=\"fr\/scuba-training\/ccr-recreational-training\/tdi-ccr-air-diluent-diver\/\" title=\"TDI CCR Plongeur air diluent\" class=\"btn btn-courselink btn-default \" target=\"_self\">TDI CCR Plongeur air diluent<span class=\"cost\">&euro; 1.000,00<\/span><i class=\"fa fa-plus-circle\"><\/i>&nbsp;<\/a><!-- .btn -->\n<a href=\"fr\/scuba-training\/ccr-technical-training\/tdi-ccr-air-diluent-deco-procedures-diver\/\" title=\"TDI CCR Air Diluent Deco Proc\u00e9dures Plongeur\" class=\"btn btn-courselink btn-default \" target=\"_self\">TDI CCR Air Diluent Deco Proc\u00e9dures Plongeur<span class=\"cost\">&euro; 1.100,00<\/span><i class=\"fa fa-plus-circle\"><\/i>&nbsp;<\/a><!-- .btn -->\n<a href=\"fr\/scuba-training\/ccr-technical-training\/tdi-ccr-helitrox-decompression-procedures-diver\/\" title=\"TDI CCR Helitrox Deco Proc\u00e9dures Plongeur\" class=\"btn btn-courselink btn-default \" target=\"_self\">TDI CCR Helitrox Deco Proc\u00e9dures Plongeur<span class=\"cost\">&euro; 1.200,00<\/span><i class=\"fa fa-plus-circle\"><\/i>&nbsp;<\/a><!-- .btn -->\n<a href=\"fr\/scuba-training\/ccr-technical-training\/tdi-ccr-mixed-gas-diver\/\" title=\"Plongeur \u00e0 gaz m\u00e9lang\u00e9s TDI CCR\" class=\"btn btn-courselink btn-default \" target=\"_self\">Plongeur \u00e0 gaz m\u00e9lang\u00e9s TDI CCR<span class=\"cost\">&euro; 1.000,00<\/span><i class=\"fa fa-plus-circle\"><\/i>&nbsp;<\/a><!-- .btn -->\n<a href=\"fr\/scuba-training\/ccr-technical-training\/tdi-ccr-advanced-mixed-gas-diver\/\" title=\"Plongeur avanc\u00e9 \u00e0 gaz m\u00e9lang\u00e9s TDI CCR\" class=\"btn btn-courselink btn-default \" target=\"_self\">Plongeur avanc\u00e9 \u00e0 gaz m\u00e9lang\u00e9s TDI CCR<span class=\"cost\">&euro; 1.100,00<\/span><i class=\"fa fa-plus-circle\"><\/i>&nbsp;<\/a><!-- .btn -->\n<a href=\"fr\/scuba-training\/ccr-technical-training\/tdi-ccr-technical-cross-overs-upgrades\/\" title=\"Mise \u00e0 niveau technique TDI CCR \" class=\"btn btn-courselink btn-default \" target=\"_self\">Mise \u00e0 niveau technique TDI CCR <span class=\"cost\">&euro; varies<\/span><i class=\"fa fa-plus-circle\"><\/i>&nbsp;<\/a><!-- .btn -->\n<a href=\"fr\/scuba-training\/ccr-technical-training\/iantd-ccr-full-rebreather-diver-air-diluent\/\" title=\"Plongeur recycleur Air diluent IANTD CCR\" class=\"btn btn-courselink btn-default \" target=\"_self\">Plongeur recycleur Air diluent IANTD CCR<span class=\"cost\">&euro; 1.000,00<\/span><i class=\"fa fa-plus-circle\"><\/i>&nbsp;<\/a><!-- .btn -->\n<a href=\"fr\/scuba-training\/ccr-technical-training\/iantd-ccr-full-rebreather-diver-ar-trimix\/\" title=\"Plongeur recycleur complet IANTD CCR \u2013 AR Trimix\" class=\"btn btn-courselink btn-default \" target=\"_self\">Plongeur recycleur complet IANTD CCR \u2013 AR Trimix<span class=\"cost\">&euro; 1.100,00<\/span><i class=\"fa fa-plus-circle\"><\/i>&nbsp;<\/a><!-- .btn -->\n<a href=\"fr\/scuba-training\/ccr-technical-training\/iantd-ccr-normoxic-trimix-diver\/\" title=\"IANTD CCR Normoxic Trimix\" class=\"btn btn-courselink btn-default \" target=\"_self\">IANTD CCR Normoxic Trimix<span class=\"cost\">&euro; 1.000,00<\/span><i class=\"fa fa-plus-circle\"><\/i>&nbsp;<\/a><!-- .btn -->\n<a href=\"fr\/scuba-training\/ccr-technical-training\/iantd-ccr-trimix-diver\/\" title=\"IANTD CCR Plongeur Trimix\" class=\"btn btn-courselink btn-default \" target=\"_self\">IANTD CCR Plongeur Trimix<span class=\"cost\">&euro; 1.100,00<\/span><i class=\"fa fa-plus-circle\"><\/i>&nbsp;<\/a><!-- .btn -->\n<a href=\"fr\/scuba-training\/ccr-technical-training\/iantd-ccr-expedition-trimix-diver\/\" title=\"IANTD CCR Plongeur Expedition Trimix \" class=\"btn btn-courselink btn-default \" target=\"_self\">IANTD CCR Plongeur Expedition Trimix <span class=\"cost\">&euro; 1.500,00<\/span><i class=\"fa fa-plus-circle\"><\/i>&nbsp;<\/a><!-- .btn -->\n<a href=\"fr\/scuba-training\/ccr-technical-training\/padi-discover-ccr\/\" title=\"PADI D\u00e9couverte CCR\" class=\"btn btn-courselink btn-default \" target=\"_self\">PADI D\u00e9couverte CCR<span class=\"cost\">&euro; 120,00<\/span><i class=\"fa fa-plus-circle\"><\/i>&nbsp;<\/a><!-- .btn -->\n<a href=\"fr\/scuba-training\/ccr-technical-training\/padi-tec-40-ccr-diver\/\" title=\"PADI Tec 40 CCR Plongeur\" class=\"btn btn-courselink btn-default \" target=\"_self\">PADI Tec 40 CCR Plongeur<span class=\"cost\">&euro; 1.450,00<\/span><i class=\"fa fa-plus-circle\"><\/i>&nbsp;<\/a><!-- .btn -->\n<a href=\"fr\/scuba-training\/ccr-technical-training\/padi-tec-60-ccr-diver\/\" title=\"PADI Tec 60 CCR Plongeur\" class=\"btn btn-courselink btn-default \" target=\"_self\">PADI Tec 60 CCR Plongeur<span class=\"cost\">&euro;  1.400,00<\/span><i class=\"fa fa-plus-circle\"><\/i>&nbsp;<\/a><!-- .btn -->\n<a href=\"fr\/scuba-training\/ccr-technical-training\/padi-tec-100-ccr-diver\/\" title=\"PADI Tec 100 CCR Plongeur\" class=\"btn btn-courselink btn-default \" target=\"_self\">PADI Tec 100 CCR Plongeur<span class=\"cost\">&euro; 1.500,00<\/span><i class=\"fa fa-plus-circle\"><\/i>&nbsp;<\/a><!-- .btn -->\n<a href=\"\/scuba-training\/ccr-technical-training\/iantd-ccr-technical-cross-overs-upgrades\/\" title=\"Mises \u00e0 niveau IANTD CCR\" class=\"btn btn-courselink btn-default \" target=\"_self\">Mises \u00e0 niveau IANTD CCR<span class=\"cost\">&euro; Varies<\/span><i class=\"fa fa-plus-circle\"><\/i>&nbsp;<\/a><!-- .btn --><\/div>\n<div class=\"col-sm-5 \"><img loading=\"lazy\" decoding=\"async\" class=\"aligncenter wp-image-703 size-full\" src=\"https:\/\/www.rebreatherzone.com\/wp-content\/uploads\/2017\/02\/3.jpg\" alt=\"AP Evolution Inspiration Rebreather Training\" width=\"760\" height=\"1344\" srcset=\"https:\/\/www.rebreatherzone.com\/wp-content\/uploads\/2017\/02\/3.jpg 760w, https:\/\/www.rebreatherzone.com\/wp-content\/uploads\/2017\/02\/3-170x300.jpg 170w, https:\/\/www.rebreatherzone.com\/wp-content\/uploads\/2017\/02\/3-579x1024.jpg 579w\" sizes=\"auto, (max-width: 760px) 100vw, 760px\" \/><\/p><\/div>\n<\/div><!-- .row (end) -->\n","protected":false},"excerpt":{"rendered":"<p>Le recycleur AP Evolution \/ Inspiration L'un des premiers recycleurs disponibles dans le commerce sur le march\u00e9, AP Diving continue de fabriquer le recycleur AP Inspiration depuis 1997. Avec de multiples fonctionnalit\u00e9s brevet\u00e9es, les recycleurs AP sont des recycleurs magnifiquement con\u00e7us avec tous les composants fabriqu\u00e9s en interne et leur propre \u00e9lectronique \u00abVision 2020\u00bb. Chaque recycleur AP est construit sur&nbsp;<a href=\"https:\/\/www.rebreatherzone.com\/fr\/le-recycleur-ap-evolution-inspiration-formation\/\" class=\"read-more\">Lire la suite<\/a><\/p>\n","protected":false},"author":2,"featured_media":0,"parent":0,"menu_order":0,"comment_status":"closed","ping_status":"closed","template":"","meta":{"footnotes":""},"class_list":["post-5920","page","type-page","status-publish","hentry"],"_links":{"self":[{"href":"https:\/\/www.rebreatherzone.com\/fr\/wp-json\/wp\/v2\/pages\/5920","targetHints":{"allow":["GET"]}}],"collection":[{"href":"https:\/\/www.rebreatherzone.com\/fr\/wp-json\/wp\/v2\/pages"}],"about":[{"href":"https:\/\/www.rebreatherzone.com\/fr\/wp-json\/wp\/v2\/types\/page"}],"author":[{"embeddable":true,"href":"https:\/\/www.rebreatherzone.com\/fr\/wp-json\/wp\/v2\/users\/2"}],"replies":[{"embeddable":true,"href":"https:\/\/www.rebreatherzone.com\/fr\/wp-json\/wp\/v2\/comments?post=5920"}],"version-history":[{"count":2,"href":"https:\/\/www.rebreatherzone.com\/fr\/wp-json\/wp\/v2\/pages\/5920\/revisions"}],"predecessor-version":[{"id":5938,"href":"https:\/\/www.rebreatherzone.com\/fr\/wp-json\/wp\/v2\/pages\/5920\/revisions\/5938"}],"wp:attachment":[{"href":"https:\/\/www.rebreatherzone.com\/fr\/wp-json\/wp\/v2\/media?parent=5920"}],"curies":[{"name":"wp","href":"https:\/\/api.w.org\/{rel}","templated":true}]}}